{"id":1183,"date":"2023-02-07T10:23:11","date_gmt":"2023-02-07T09:23:11","guid":{"rendered":"https:\/\/trek-net.com\/politica-de-cookies\/"},"modified":"2023-02-07T10:31:45","modified_gmt":"2023-02-07T09:31:45","slug":"politica-de-cookies","status":"publish","type":"page","link":"https:\/\/trek-net.com\/de\/politica-de-cookies\/","title":{"rendered":"Pol\u00edtica de cookies"},"content":{"rendered":"<h1 class=\"cookie-policy-h1\">Pol\u00edtica de cookies<\/h1>\n<h2>\u00bfQu\u00e9 son las cookies?<\/h2>\n<div class=\"cookie-policy-p\">\n<p>Esta Pol\u00edtica de Cookies explica qu\u00e9 son las cookies y c\u00f3mo las utilizamos, los tipos de cookies que utilizamos, es decir, la informaci\u00f3n que recopilamos utilizando cookies y c\u00f3mo se utiliza esa informaci\u00f3n, y c\u00f3mo gestionar la configuraci\u00f3n de las cookies.<\/p>\n<p>Las cookies son peque\u00f1os archivos de texto que se utilizan para almacenar peque\u00f1as piezas de informaci\u00f3n. Se almacenan en su dispositivo cuando el sitio web se carga en su navegador. Estas cookies nos ayudan a hacer que el sitio web funcione correctamente, a hacerlo m\u00e1s seguro, a proporcionar una mejor experiencia al usuario y a entender c\u00f3mo funciona el sitio web y analizar qu\u00e9 funciona y en qu\u00e9 aspectos necesita mejoras.<\/p>\n<\/div>\n<p>&nbsp;<\/p>\n<h2>\u00bfC\u00f3mo utilizamos las cookies?<\/h2>\n<p>Como la mayor\u00eda de los servicios en l\u00ednea, nuestro sitio web utiliza cookies propias y de terceros para diversos fines. Las cookies de origen son en su mayor\u00eda necesarias para que el sitio web funcione correctamente, y no recogen ning\u00fan dato personal identificable.<\/p>\n<p>Las cookies de terceros utilizadas en nuestro sitio web sirven principalmente para comprender c\u00f3mo funciona el sitio web, c\u00f3mo interact\u00faa usted con nuestro sitio web, mantener nuestros servicios seguros, ofrecer anuncios que sean relevantes para usted y, en definitiva, proporcionarle una experiencia de usuario mejor y m\u00e1s r\u00e1pida y ayudarle a agilizar sus futuras interacciones con nuestro sitio web.<\/p>\n<p>&nbsp;<\/p>\n<h2>Tipos de cookies que utilizamos<\/h2>\n<div class=\"cky-audit-table-element\">\n<div class=\"d-flex align-items-center mb-3\">\n<h5><\/h5>\n<h4 class=\"font-weight-semibold mr-3 mb-0\"><strong>Necesarias<\/strong><\/h4>\n<\/div>\n<div class=\"description mb-4\">\n<p>Las cookies necesarias se requieren para habilitar las funciones b\u00e1sicas de este sitio, como proporcionar un inicio de sesi\u00f3n seguro o ajustar sus preferencias de consentimiento. Estas cookies no almacenan ning\u00fan dato personal identificable.<\/p>\n<table style=\"height: 49px;\" width=\"1200\">\n<thead>\n<tr>\n<th class=\"border-0\">Id<\/th>\n<th class=\"border-0\">Dominio<\/th>\n<th class=\"border-0\">Duraci\u00f3n<\/th>\n<th class=\"border-0\"><\/th>\n<\/tr>\n<\/thead>\n<tbody>\n<tr>\n<td>cookieyes-consent<\/td>\n<td>trek-net.com<\/td>\n<td class=\"\">1 a\u00f1o<\/td>\n<\/tr>\n<\/tbody>\n<\/table>\n<p>CookieYes establece esta cookie para recordar las preferencias de consentimiento de los usuarios para que sus preferencias sean respetadas en sus siguientes visitas a este sitio. No recoge ni almacena ninguna informaci\u00f3n personal de los visitantes del sitio.<\/p>\n<table style=\"height: 53px;\" width=\"1200\">\n<thead>\n<tr>\n<th class=\"border-0\">Id<\/th>\n<th class=\"border-0\">Dominio<\/th>\n<th class=\"border-0\">Duraci\u00f3n<\/th>\n<th class=\"border-0\"><\/th>\n<\/tr>\n<\/thead>\n<tbody>\n<tr>\n<td>_GRECAPTCHA<\/td>\n<td>www.google.com<\/td>\n<td class=\"\">5 meses 27 d\u00edas<\/td>\n<td class=\"text-nowrap\"><\/td>\n<\/tr>\n<\/tbody>\n<\/table>\n<p>Esta cookie es instalada por el servicio recaptcha de Google para identificar bots y proteger el sitio web contra ataques maliciosos de spam.<\/p>\n<p>&nbsp;<\/p>\n<h4 class=\"font-weight-semibold mr-3 mb-0\"><strong>Anal\u00edtica<\/strong><\/h4>\n<p>Las cookies anal\u00edticas se utilizan para comprender c\u00f3mo interact\u00faan los visitantes con el sitio web. Estas cookies ayudan a proporcionar informaci\u00f3n sobre m\u00e9tricas como el n\u00famero de visitantes, la tasa de rebote, la fuente de tr\u00e1fico, etc.<\/p>\n<table style=\"height: 41px;\" width=\"1200\">\n<thead>\n<tr>\n<th class=\"border-0\">Id<\/th>\n<th class=\"border-0\">Dominio<\/th>\n<th class=\"border-0\">Duraci\u00f3n<\/th>\n<th class=\"border-0\"><\/th>\n<\/tr>\n<\/thead>\n<tbody>\n<tr>\n<td>_ga<\/td>\n<td>.trek-net.com<\/td>\n<td class=\"\">2 a\u00f1os<\/td>\n<td class=\"text-nowrap\"><\/td>\n<\/tr>\n<\/tbody>\n<\/table>\n<p>La cookie _ga, instalada por Google Analytics, calcula los datos de visitantes, sesiones y campa\u00f1as y tambi\u00e9n realiza un seguimiento del uso del sitio para el informe anal\u00edtico del sitio. La cookie almacena la informaci\u00f3n de forma an\u00f3nima y asigna un n\u00famero generado aleatoriamente para reconocer a los visitantes \u00fanicos..<\/p>\n<table style=\"height: 71px;\" width=\"1200\">\n<thead>\n<tr>\n<th class=\"border-0\">Id<\/th>\n<th class=\"border-0\">Dominio<\/th>\n<th class=\"border-0\">Duraci\u00f3n<\/th>\n<th class=\"border-0\"><\/th>\n<\/tr>\n<\/thead>\n<tbody>\n<tr>\n<td>_gid<\/td>\n<td>.trek-net.com<\/td>\n<td class=\"\">1 d\u00eda<\/td>\n<td class=\"text-nowrap\"><\/td>\n<\/tr>\n<\/tbody>\n<\/table>\n<p>Instalada por Google Analytics, la cookie _gid almacena informaci\u00f3n sobre c\u00f3mo los visitantes utilizan un sitio web, a la vez que crea un informe anal\u00edtico del rendimiento del sitio web. Algunos de los datos que se recopilan son el n\u00famero de visitantes, su procedencia y las p\u00e1ginas que visitan de forma an\u00f3nima.<\/p>\n<table style=\"height: 53px;\" width=\"1200\">\n<thead>\n<tr>\n<th class=\"border-0\">Id<\/th>\n<th class=\"border-0\">Dominio<\/th>\n<th class=\"border-0\">Duraci\u00f3n<\/th>\n<th class=\"border-0\"><\/th>\n<\/tr>\n<\/thead>\n<tbody>\n<tr>\n<td>_gat_gtag_UA_189171391_1<\/td>\n<td>.trek-net.com<\/td>\n<td class=\"\"><\/td>\n<td class=\"text-nowrap\"><\/td>\n<\/tr>\n<\/tbody>\n<\/table>\n<p>Establecido por Google para distinguir a los usuarios.<\/p>\n<p>&nbsp;<\/p>\n<h2 style=\"margin-bottom: 20px;\">Gestionar las preferencias de cookies<\/h2>\n<h4><strong>Configuraci\u00f3n de cookies<\/strong><\/h4>\n<p>Puede cambiar sus preferencias de cookies en cualquier momento haciendo clic en el bot\u00f3n anterior. Esto le permitir\u00e1 volver a visitar el banner de consentimiento de cookies y cambiar sus preferencias o retirar su consentimiento de inmediato.<\/p>\n<p>Adem\u00e1s, los distintos navegadores ofrecen diferentes m\u00e9todos para bloquear y eliminar las cookies utilizadas por los sitios web. Puede cambiar la configuraci\u00f3n de su navegador para bloquear o eliminar las cookies. A continuaci\u00f3n figuran los enlaces a los documentos de apoyo sobre c\u00f3mo gestionar y eliminar las cookies de los principales navegadores web.<\/p>\n<div>\n<p>Chrome: <a href=\"https:\/\/support.google.com\/accounts\/answer\/32050\" target=\"_blank\" rel=\"noopener\">https:\/\/support.google.com\/accounts\/answer\/32050<\/a><\/p>\n<p>Safari: <a href=\"https:\/\/support.apple.com\/en-in\/guide\/safari\/sfri11471\/mac\" target=\"_blank\" rel=\"noopener\">https:\/\/support.apple.com\/en-in\/guide\/safari\/sfri11471\/mac<\/a><\/p>\n<p>Firefox: <a href=\"https:\/\/support.mozilla.org\/en-US\/kb\/clear-cookies-and-site-data-firefox?redirectslug=delete-cookies-remove-info-websites-stored&amp;redirectlocale=en-US\" target=\"_blank\" rel=\"noopener\">https:\/\/support.mozilla.org\/en-US\/kb\/clear-cookies-and-site-data-firefox?redirectslug=delete-cookies-remove-info-websites-stored&amp;redirectlocale=en-US<\/a><\/p>\n<p>Internet Explorer: <a href=\"https:\/\/support.microsoft.com\/en-us\/topic\/how-to-delete-cookie-files-in-internet-explorer-bca9446f-d873-78de-77ba-d42645fa52fc\" target=\"_blank\" rel=\"noopener\">https:\/\/support.microsoft.com\/en-us\/topic\/how-to-delete-cookie-files-in-internet-explorer-bca9446f-d873-78de-77ba-d42645fa52fc<\/a><\/p>\n<p>Si utiliza cualquier otro navegador, consulte la documentaci\u00f3n oficial de su navegador.<\/p>\n<\/div>\n<\/div>\n<\/div>\n","protected":false},"excerpt":{"rendered":"<p>Pol\u00edtica de cookies \u00bfQu\u00e9 son las cookies? Esta Pol\u00edtica de  [&#8230;]<\/p>\n","protected":false},"author":1,"featured_media":0,"parent":0,"menu_order":0,"comment_status":"closed","ping_status":"closed","template":"","meta":{"footnotes":""},"class_list":["post-1183","page","type-page","status-publish","hentry"],"yoast_head":"<!-- This site is optimized with the Yoast SEO plugin v26.5 - https:\/\/yoast.com\/wordpress\/plugins\/seo\/ -->\n<title>Pol\u00edtica de cookies - Trek-net<\/title>\n<meta name=\"robots\" content=\"index, follow, max-snippet:-1, max-image-preview:large, max-video-preview:-1\" \/>\n<link rel=\"canonical\" href=\"https:\/\/trek-net.com\/de\/politica-de-cookies\/\" \/>\n<meta property=\"og:locale\" content=\"de_DE\" \/>\n<meta property=\"og:type\" content=\"article\" \/>\n<meta property=\"og:title\" content=\"Pol\u00edtica de cookies - Trek-net\" \/>\n<meta property=\"og:description\" content=\"Pol\u00edtica de cookies \u00bfQu\u00e9 son las cookies? Esta Pol\u00edtica de [...]\" \/>\n<meta property=\"og:url\" content=\"https:\/\/trek-net.com\/de\/politica-de-cookies\/\" \/>\n<meta property=\"og:site_name\" content=\"Trek-net\" \/>\n<meta property=\"article:modified_time\" content=\"2023-02-07T09:31:45+00:00\" \/>\n<meta name=\"twitter:card\" content=\"summary_large_image\" \/>\n<meta name=\"twitter:label1\" content=\"Gesch\u00e4tzte Lesezeit\" \/>\n\t<meta name=\"twitter:data1\" content=\"3\u00a0Minuten\" \/>\n<script type=\"application\/ld+json\" class=\"yoast-schema-graph\">{\"@context\":\"https:\/\/schema.org\",\"@graph\":[{\"@type\":\"WebPage\",\"@id\":\"https:\/\/trek-net.com\/de\/politica-de-cookies\/\",\"url\":\"https:\/\/trek-net.com\/de\/politica-de-cookies\/\",\"name\":\"Pol\u00edtica de cookies - Trek-net\",\"isPartOf\":{\"@id\":\"https:\/\/trek-net.com\/#website\"},\"datePublished\":\"2023-02-07T09:23:11+00:00\",\"dateModified\":\"2023-02-07T09:31:45+00:00\",\"breadcrumb\":{\"@id\":\"https:\/\/trek-net.com\/de\/politica-de-cookies\/#breadcrumb\"},\"inLanguage\":\"de\",\"potentialAction\":[{\"@type\":\"ReadAction\",\"target\":[\"https:\/\/trek-net.com\/de\/politica-de-cookies\/\"]}]},{\"@type\":\"BreadcrumbList\",\"@id\":\"https:\/\/trek-net.com\/de\/politica-de-cookies\/#breadcrumb\",\"itemListElement\":[{\"@type\":\"ListItem\",\"position\":1,\"name\":\"Portada\",\"item\":\"https:\/\/trek-net.com\/de\/\"},{\"@type\":\"ListItem\",\"position\":2,\"name\":\"Pol\u00edtica de cookies\"}]},{\"@type\":\"WebSite\",\"@id\":\"https:\/\/trek-net.com\/#website\",\"url\":\"https:\/\/trek-net.com\/\",\"name\":\"Trek-net\",\"description\":\"Safety nonslip net\",\"potentialAction\":[{\"@type\":\"SearchAction\",\"target\":{\"@type\":\"EntryPoint\",\"urlTemplate\":\"https:\/\/trek-net.com\/?s={search_term_string}\"},\"query-input\":{\"@type\":\"PropertyValueSpecification\",\"valueRequired\":true,\"valueName\":\"search_term_string\"}}],\"inLanguage\":\"de\"}]}<\/script>\n<!-- \/ Yoast SEO plugin. -->","yoast_head_json":{"title":"Pol\u00edtica de cookies - Trek-net","robots":{"index":"index","follow":"follow","max-snippet":"max-snippet:-1","max-image-preview":"max-image-preview:large","max-video-preview":"max-video-preview:-1"},"canonical":"https:\/\/trek-net.com\/de\/politica-de-cookies\/","og_locale":"de_DE","og_type":"article","og_title":"Pol\u00edtica de cookies - Trek-net","og_description":"Pol\u00edtica de cookies \u00bfQu\u00e9 son las cookies? Esta Pol\u00edtica de [...]","og_url":"https:\/\/trek-net.com\/de\/politica-de-cookies\/","og_site_name":"Trek-net","article_modified_time":"2023-02-07T09:31:45+00:00","twitter_card":"summary_large_image","twitter_misc":{"Gesch\u00e4tzte Lesezeit":"3\u00a0Minuten"},"schema":{"@context":"https:\/\/schema.org","@graph":[{"@type":"WebPage","@id":"https:\/\/trek-net.com\/de\/politica-de-cookies\/","url":"https:\/\/trek-net.com\/de\/politica-de-cookies\/","name":"Pol\u00edtica de cookies - Trek-net","isPartOf":{"@id":"https:\/\/trek-net.com\/#website"},"datePublished":"2023-02-07T09:23:11+00:00","dateModified":"2023-02-07T09:31:45+00:00","breadcrumb":{"@id":"https:\/\/trek-net.com\/de\/politica-de-cookies\/#breadcrumb"},"inLanguage":"de","potentialAction":[{"@type":"ReadAction","target":["https:\/\/trek-net.com\/de\/politica-de-cookies\/"]}]},{"@type":"BreadcrumbList","@id":"https:\/\/trek-net.com\/de\/politica-de-cookies\/#breadcrumb","itemListElement":[{"@type":"ListItem","position":1,"name":"Portada","item":"https:\/\/trek-net.com\/de\/"},{"@type":"ListItem","position":2,"name":"Pol\u00edtica de cookies"}]},{"@type":"WebSite","@id":"https:\/\/trek-net.com\/#website","url":"https:\/\/trek-net.com\/","name":"Trek-net","description":"Safety nonslip net","potentialAction":[{"@type":"SearchAction","target":{"@type":"EntryPoint","urlTemplate":"https:\/\/trek-net.com\/?s={search_term_string}"},"query-input":{"@type":"PropertyValueSpecification","valueRequired":true,"valueName":"search_term_string"}}],"inLanguage":"de"}]}},"jetpack_sharing_enabled":true,"_links":{"self":[{"href":"https:\/\/trek-net.com\/de\/wp-json\/wp\/v2\/pages\/1183","targetHints":{"allow":["GET"]}}],"collection":[{"href":"https:\/\/trek-net.com\/de\/wp-json\/wp\/v2\/pages"}],"about":[{"href":"https:\/\/trek-net.com\/de\/wp-json\/wp\/v2\/types\/page"}],"author":[{"embeddable":true,"href":"https:\/\/trek-net.com\/de\/wp-json\/wp\/v2\/users\/1"}],"replies":[{"embeddable":true,"href":"https:\/\/trek-net.com\/de\/wp-json\/wp\/v2\/comments?post=1183"}],"version-history":[{"count":1,"href":"https:\/\/trek-net.com\/de\/wp-json\/wp\/v2\/pages\/1183\/revisions"}],"predecessor-version":[{"id":1187,"href":"https:\/\/trek-net.com\/de\/wp-json\/wp\/v2\/pages\/1183\/revisions\/1187"}],"wp:attachment":[{"href":"https:\/\/trek-net.com\/de\/wp-json\/wp\/v2\/media?parent=1183"}],"curies":[{"name":"wp","href":"https:\/\/api.w.org\/{rel}","templated":true}]}}