{"id":2745,"date":"2024-01-24T10:33:21","date_gmt":"2024-01-24T09:33:21","guid":{"rendered":"https:\/\/trek-net.com\/?post_type=product&#038;p=2745"},"modified":"2026-03-16T11:07:59","modified_gmt":"2026-03-16T10:07:59","slug":"malla-trek-net-antideslizante-para-madera-y-cemento","status":"publish","type":"product","link":"https:\/\/trek-net.com\/pt-pt\/producto\/malla-trek-net-antideslizante-para-madera-y-cemento\/","title":{"rendered":"Malla Trek-net antideslizante para pavimentos de madera o de terrazo y para senderos de tierra"},"content":{"rendered":"<div><a class=\"fusion-button button-flat fusion-button-default-size button-default fusion-button-default button-1 fusion-button-default-span fusion-button-default-type\" href=\"https:\/\/trek-net.com\/wp-content\/uploads\/2024\/10\/CONSEJOS-DE-MONTAJE-MADERA.docx.pdf\" target=\"_blank\" rel=\"noopener noreferrer\"><i class=\"fa-download fas button-icon-left\" aria-hidden=\"true\"><\/i><span class=\"fusion-button-text\">Consejos de instalaci\u00f3n sobre madera <\/span><\/a><\/div>\n<div class=\"fusion-separator fusion-full-width-sep\">\n<div class=\"fusion-separator-border sep-single sep-dashed\"><\/div>\n<\/div>\n<div style=\"margin-top: 15px;\"><a class=\"fusion-button button-flat fusion-button-default-size button-default fusion-button-default button-2 fusion-button-default-span fusion-button-default-type\" href=\"https:\/\/trek-net.com\/wp-content\/uploads\/2024\/10\/CONSEJOS-DE-MONTAJE-TERRAZO-CEMENTO.pdf\" target=\"_blank\" rel=\"noopener noreferrer\"><i class=\"fa-download fas button-icon-left\" aria-hidden=\"true\"><\/i><span class=\"fusion-button-text\">Consejos de instalaci\u00f3n sobre terrazo o cemento <\/span><\/a><\/div>\n<div class=\"fusion-separator fusion-full-width-sep\">\n<div class=\"fusion-separator-border sep-single sep-dashed\"><\/div>\n<\/div>\n<div style=\"margin-top: 15px;\"><a class=\"fusion-button button-flat fusion-button-default-size button-default fusion-button-default button-3 fusion-button-default-span fusion-button-default-type\" href=\"https:\/\/trek-net.com\/wp-content\/uploads\/2024\/10\/CONSEJOS-DE-MONTAJE-TIERRA.pdf\" target=\"_blank\" rel=\"noopener noreferrer\"><i class=\"fa-download fas button-icon-left\" aria-hidden=\"true\"><\/i><span class=\"fusion-button-text\">Consejos de instalaci\u00f3n sobre sendero de tierra <\/span><\/a><\/div>\n<div class=\"fusion-separator fusion-full-width-sep\">\n<div class=\"fusion-separator-border sep-single sep-dashed\"><\/div>\n<\/div>\n<div style=\"margin-top: 15px;\"><a class=\"fusion-button button-flat fusion-button-default-size button-default fusion-button-default button-4 fusion-button-default-span fusion-button-default-type\" href=\"https:\/\/trek-net.com\/wp-content\/uploads\/2024\/09\/CONSEJOS-DE-MONTAJE-PROFESIONALES.docx.pdf\" target=\"_blank\" rel=\"noopener noreferrer\"><i class=\"fa-download fas button-icon-left\" aria-hidden=\"true\"><\/i><span class=\"fusion-button-text\">Consejos de instalaci\u00f3nes profesionales <\/span><\/a><\/div>\n","protected":false},"excerpt":{"rendered":"<p><span style=\"color: #58632b;\"><strong>ENV\u00cdO Y GRAPAS INCLUIDOS EN EL PRECIO<\/strong><\/span><\/p>\n<p>Convierte, con nuestra malla pl\u00e1stica Trek-Net, las superficies de madera y cemento en superficies antideslizantes.<\/p>\n<p>Nuestras mallas est\u00e1n fabricadas en polietileno reciclado y reciclable, se grapan al suelo previniendo ca\u00eddas accidentales.<\/p>\n<p><strong><a href=\"https:\/\/trek-net.com\/malla-trek-net\/\" target=\"_blank\" rel=\"noopener\">ver informaci\u00f3n t\u00e9cnica y consejos de instalaci\u00f3n &gt;<\/a><\/strong><\/p>\n","protected":false},"featured_media":2754,"comment_status":"open","ping_status":"closed","template":"","meta":[],"product_brand":[],"product_cat":[653],"product_tag":[],"class_list":{"0":"post-2745","1":"product","2":"type-product","3":"status-publish","4":"has-post-thumbnail","6":"product_cat-sin-categorizar","8":"first","9":"instock","10":"taxable","11":"shipping-taxable","12":"purchasable","13":"product-type-variable"},"yoast_head":"<!-- This site is optimized with the Yoast SEO plugin v26.5 - https:\/\/yoast.com\/wordpress\/plugins\/seo\/ -->\n<title>Comprar online Malla antideslizante Trek-net<\/title>\n<meta name=\"description\" content=\"Ahora tambi\u00e9n online. Compra rollo de Malla antideslizante Trek-net para pavimentos. Convierte la madera, cemento o tierra en superficies seguras.\" \/>\n<meta name=\"robots\" content=\"index, follow, max-snippet:-1, max-image-preview:large, max-video-preview:-1\" \/>\n<link rel=\"canonical\" href=\"https:\/\/trek-net.com\/producto\/malla-trek-net-antideslizante-para-madera-y-cemento\/\" \/>\n<meta property=\"og:locale\" content=\"pt_PT\" \/>\n<meta property=\"og:type\" content=\"article\" \/>\n<meta property=\"og:title\" content=\"Comprar online Malla antideslizante Trek-net\" \/>\n<meta property=\"og:description\" content=\"Ahora tambi\u00e9n online. Compra rollo de Malla antideslizante Trek-net para pavimentos. Convierte la madera, cemento o tierra en superficies seguras.\" \/>\n<meta property=\"og:url\" content=\"https:\/\/trek-net.com\/producto\/malla-trek-net-antideslizante-para-madera-y-cemento\/\" \/>\n<meta property=\"og:site_name\" content=\"Trek-net\" \/>\n<meta property=\"article:modified_time\" content=\"2026-03-16T10:07:59+00:00\" \/>\n<meta property=\"og:image\" content=\"https:\/\/trek-net.com\/wp-content\/uploads\/2024\/01\/malla-treknet-1x3-1-1.webp\" \/>\n\t<meta property=\"og:image:width\" content=\"1920\" \/>\n\t<meta property=\"og:image:height\" content=\"1920\" \/>\n\t<meta property=\"og:image:type\" content=\"image\/webp\" \/>\n<meta name=\"twitter:card\" content=\"summary_large_image\" \/>\n<meta name=\"twitter:label1\" content=\"Tempo estimado de leitura\" \/>\n\t<meta name=\"twitter:data1\" content=\"1 minuto\" \/>\n<script type=\"application\/ld+json\" class=\"yoast-schema-graph\">{\"@context\":\"https:\/\/schema.org\",\"@graph\":[{\"@type\":\"WebPage\",\"@id\":\"https:\/\/trek-net.com\/producto\/malla-trek-net-antideslizante-para-madera-y-cemento\/\",\"url\":\"https:\/\/trek-net.com\/producto\/malla-trek-net-antideslizante-para-madera-y-cemento\/\",\"name\":\"Comprar online Malla antideslizante Trek-net\",\"isPartOf\":{\"@id\":\"https:\/\/trek-net.com\/#website\"},\"primaryImageOfPage\":{\"@id\":\"https:\/\/trek-net.com\/producto\/malla-trek-net-antideslizante-para-madera-y-cemento\/#primaryimage\"},\"image\":{\"@id\":\"https:\/\/trek-net.com\/producto\/malla-trek-net-antideslizante-para-madera-y-cemento\/#primaryimage\"},\"thumbnailUrl\":\"https:\/\/trek-net.com\/wp-content\/uploads\/2024\/01\/malla-treknet-1x3-1-1.webp\",\"datePublished\":\"2024-01-24T09:33:21+00:00\",\"dateModified\":\"2026-03-16T10:07:59+00:00\",\"description\":\"Ahora tambi\u00e9n online. Compra rollo de Malla antideslizante Trek-net para pavimentos. Convierte la madera, cemento o tierra en superficies seguras.\",\"breadcrumb\":{\"@id\":\"https:\/\/trek-net.com\/producto\/malla-trek-net-antideslizante-para-madera-y-cemento\/#breadcrumb\"},\"inLanguage\":\"pt-PT\",\"potentialAction\":[{\"@type\":\"ReadAction\",\"target\":[\"https:\/\/trek-net.com\/producto\/malla-trek-net-antideslizante-para-madera-y-cemento\/\"]}]},{\"@type\":\"ImageObject\",\"inLanguage\":\"pt-PT\",\"@id\":\"https:\/\/trek-net.com\/producto\/malla-trek-net-antideslizante-para-madera-y-cemento\/#primaryimage\",\"url\":\"https:\/\/trek-net.com\/wp-content\/uploads\/2024\/01\/malla-treknet-1x3-1-1.webp\",\"contentUrl\":\"https:\/\/trek-net.com\/wp-content\/uploads\/2024\/01\/malla-treknet-1x3-1-1.webp\",\"width\":1920,\"height\":1920,\"caption\":\"Comprar online Malla antideslizante Trek-net\"},{\"@type\":\"BreadcrumbList\",\"@id\":\"https:\/\/trek-net.com\/producto\/malla-trek-net-antideslizante-para-madera-y-cemento\/#breadcrumb\",\"itemListElement\":[{\"@type\":\"ListItem\",\"position\":1,\"name\":\"Portada\",\"item\":\"https:\/\/trek-net.com\/pt-pt\/\"},{\"@type\":\"ListItem\",\"position\":2,\"name\":\"Tienda\",\"item\":\"https:\/\/trek-net.com\/tienda\/\"},{\"@type\":\"ListItem\",\"position\":3,\"name\":\"Malla Trek-net antideslizante para pavimentos de madera o de terrazo y para senderos de tierra\"}]},{\"@type\":\"WebSite\",\"@id\":\"https:\/\/trek-net.com\/#website\",\"url\":\"https:\/\/trek-net.com\/\",\"name\":\"Trek-net\",\"description\":\"Safety nonslip net\",\"potentialAction\":[{\"@type\":\"SearchAction\",\"target\":{\"@type\":\"EntryPoint\",\"urlTemplate\":\"https:\/\/trek-net.com\/?s={search_term_string}\"},\"query-input\":{\"@type\":\"PropertyValueSpecification\",\"valueRequired\":true,\"valueName\":\"search_term_string\"}}],\"inLanguage\":\"pt-PT\"}]}<\/script>\n<!-- \/ Yoast SEO plugin. -->","yoast_head_json":{"title":"Comprar online Malla antideslizante Trek-net","description":"Ahora tambi\u00e9n online. Compra rollo de Malla antideslizante Trek-net para pavimentos. Convierte la madera, cemento o tierra en superficies seguras.","robots":{"index":"index","follow":"follow","max-snippet":"max-snippet:-1","max-image-preview":"max-image-preview:large","max-video-preview":"max-video-preview:-1"},"canonical":"https:\/\/trek-net.com\/producto\/malla-trek-net-antideslizante-para-madera-y-cemento\/","og_locale":"pt_PT","og_type":"article","og_title":"Comprar online Malla antideslizante Trek-net","og_description":"Ahora tambi\u00e9n online. Compra rollo de Malla antideslizante Trek-net para pavimentos. Convierte la madera, cemento o tierra en superficies seguras.","og_url":"https:\/\/trek-net.com\/producto\/malla-trek-net-antideslizante-para-madera-y-cemento\/","og_site_name":"Trek-net","article_modified_time":"2026-03-16T10:07:59+00:00","og_image":[{"width":1920,"height":1920,"url":"https:\/\/trek-net.com\/wp-content\/uploads\/2024\/01\/malla-treknet-1x3-1-1.webp","type":"image\/webp"}],"twitter_card":"summary_large_image","twitter_misc":{"Tempo estimado de leitura":"1 minuto"},"schema":{"@context":"https:\/\/schema.org","@graph":[{"@type":"WebPage","@id":"https:\/\/trek-net.com\/producto\/malla-trek-net-antideslizante-para-madera-y-cemento\/","url":"https:\/\/trek-net.com\/producto\/malla-trek-net-antideslizante-para-madera-y-cemento\/","name":"Comprar online Malla antideslizante Trek-net","isPartOf":{"@id":"https:\/\/trek-net.com\/#website"},"primaryImageOfPage":{"@id":"https:\/\/trek-net.com\/producto\/malla-trek-net-antideslizante-para-madera-y-cemento\/#primaryimage"},"image":{"@id":"https:\/\/trek-net.com\/producto\/malla-trek-net-antideslizante-para-madera-y-cemento\/#primaryimage"},"thumbnailUrl":"https:\/\/trek-net.com\/wp-content\/uploads\/2024\/01\/malla-treknet-1x3-1-1.webp","datePublished":"2024-01-24T09:33:21+00:00","dateModified":"2026-03-16T10:07:59+00:00","description":"Ahora tambi\u00e9n online. Compra rollo de Malla antideslizante Trek-net para pavimentos. Convierte la madera, cemento o tierra en superficies seguras.","breadcrumb":{"@id":"https:\/\/trek-net.com\/producto\/malla-trek-net-antideslizante-para-madera-y-cemento\/#breadcrumb"},"inLanguage":"pt-PT","potentialAction":[{"@type":"ReadAction","target":["https:\/\/trek-net.com\/producto\/malla-trek-net-antideslizante-para-madera-y-cemento\/"]}]},{"@type":"ImageObject","inLanguage":"pt-PT","@id":"https:\/\/trek-net.com\/producto\/malla-trek-net-antideslizante-para-madera-y-cemento\/#primaryimage","url":"https:\/\/trek-net.com\/wp-content\/uploads\/2024\/01\/malla-treknet-1x3-1-1.webp","contentUrl":"https:\/\/trek-net.com\/wp-content\/uploads\/2024\/01\/malla-treknet-1x3-1-1.webp","width":1920,"height":1920,"caption":"Comprar online Malla antideslizante Trek-net"},{"@type":"BreadcrumbList","@id":"https:\/\/trek-net.com\/producto\/malla-trek-net-antideslizante-para-madera-y-cemento\/#breadcrumb","itemListElement":[{"@type":"ListItem","position":1,"name":"Portada","item":"https:\/\/trek-net.com\/pt-pt\/"},{"@type":"ListItem","position":2,"name":"Tienda","item":"https:\/\/trek-net.com\/tienda\/"},{"@type":"ListItem","position":3,"name":"Malla Trek-net antideslizante para pavimentos de madera o de terrazo y para senderos de tierra"}]},{"@type":"WebSite","@id":"https:\/\/trek-net.com\/#website","url":"https:\/\/trek-net.com\/","name":"Trek-net","description":"Safety nonslip net","potentialAction":[{"@type":"SearchAction","target":{"@type":"EntryPoint","urlTemplate":"https:\/\/trek-net.com\/?s={search_term_string}"},"query-input":{"@type":"PropertyValueSpecification","valueRequired":true,"valueName":"search_term_string"}}],"inLanguage":"pt-PT"}]}},"jetpack_sharing_enabled":true,"_links":{"self":[{"href":"https:\/\/trek-net.com\/pt-pt\/wp-json\/wp\/v2\/product\/2745","targetHints":{"allow":["GET"]}}],"collection":[{"href":"https:\/\/trek-net.com\/pt-pt\/wp-json\/wp\/v2\/product"}],"about":[{"href":"https:\/\/trek-net.com\/pt-pt\/wp-json\/wp\/v2\/types\/product"}],"replies":[{"embeddable":true,"href":"https:\/\/trek-net.com\/pt-pt\/wp-json\/wp\/v2\/comments?post=2745"}],"wp:featuredmedia":[{"embeddable":true,"href":"https:\/\/trek-net.com\/pt-pt\/wp-json\/wp\/v2\/media\/2754"}],"wp:attachment":[{"href":"https:\/\/trek-net.com\/pt-pt\/wp-json\/wp\/v2\/media?parent=2745"}],"wp:term":[{"taxonomy":"product_brand","embeddable":true,"href":"https:\/\/trek-net.com\/pt-pt\/wp-json\/wp\/v2\/product_brand?post=2745"},{"taxonomy":"product_cat","embeddable":true,"href":"https:\/\/trek-net.com\/pt-pt\/wp-json\/wp\/v2\/product_cat?post=2745"},{"taxonomy":"product_tag","embeddable":true,"href":"https:\/\/trek-net.com\/pt-pt\/wp-json\/wp\/v2\/product_tag?post=2745"}],"curies":[{"name":"wp","href":"https:\/\/api.w.org\/{rel}","templated":true}]}}